{"id":724,"date":"2017-06-15T04:24:29","date_gmt":"2017-06-15T04:24:29","guid":{"rendered":"http:\/\/localhost\/construct\/?page_id=724"},"modified":"2021-03-25T11:46:43","modified_gmt":"2021-03-25T11:46:43","slug":"home","status":"publish","type":"page","link":"https:\/\/vilaplano.com\/site\/","title":{"rendered":"Home"},"content":{"rendered":"<p>[vc_row fullwidth=&#8221;yes&#8221;][vc_column][rev_slider_vc alias=&#8221;home-full&#8221;][\/vc_column][\/vc_row][vc_row el_class=&#8221;bg-color&#8221; css=&#8221;.vc_custom_1497500641462{padding-top: 32px !important;padding-bottom: 32px !important;}&#8221;][vc_column]\n\t\t\t<div class=\"col-md-8\">\n\t        <div class=\"wprt-spacer\" data-desktop=\"8\" data-mobi=\"0\" data-smobi=\"0\"><\/div>\n\t        <h2 class=\"text-white text-center-mobile font-size-20 margin-bottom-0\">SERMOS MELHORES FAZENDO MAIS & COMPROMISSO SEM LIMITES<\/h2>\n\t        <div class=\"wprt-spacer\" data-desktop=\"0\" data-mobi=\"20\" data-smobi=\"20\"><\/div>\n\t    <\/div>\n\n\t    <div class=\"col-md-4\">\n\t        <div class=\"text-right text-center-mobile\">\n\t        \n\t        <a class=\"wprt-button white rounded-3px\" href=\"https:\/\/vilaplano.com\/site\/contactos\/\" target=\"_self\">CONTACTAR<\/a>\t        <\/div>\n\t    <\/div>\n\t\n[\/vc_column][\/vc_row][vc_row css=&#8221;.vc_custom_1497500715270{padding-top: 80px !important;padding-bottom: 80px !important;}&#8221;][vc_column]\n    <h2 class=\"text-center\" >PRINCIPAIS SERVI\u00c7OS<\/h2>\n    \t    <div class=\"wprt-lines style-2 custom-1\">\n\t        <div class=\"line-1\"><\/div>\n\t    <\/div>\n    \n        \t\n[vc_empty_space height=&#8221;50px&#8221;][\/vc_column][vc_column offset=&#8221;vc_col-md-4&#8243;]\n\t<div class=\"wprt-icon-box accent-background  rounded icon-effect-2 width-70\">\n        <div class=\"icon-wrap font-size-40\">\n            <span class=\"dd-icon  icon-brick-wall\"><\/span>\n        <\/div>\n        <div class=\"content-wrap\">\n            <h3 class=\"dd-title font-size-18\">Bet\u00e3o Armado<\/h3>\n            <p><\/p>\n        <\/div>\n    <\/div>\n\n[vc_empty_space height=&#8221;50px&#8221;]\n\t<div class=\"wprt-icon-box accent-background  rounded icon-effect-2 width-70\">\n        <div class=\"icon-wrap font-size-40\">\n            <span class=\"dd-icon  icon-anvil\"><\/span>\n        <\/div>\n        <div class=\"content-wrap\">\n            <h3 class=\"dd-title font-size-18\">A\u00e7o<\/h3>\n            <p><\/p>\n        <\/div>\n    <\/div>\n\n[\/vc_column][vc_column offset=&#8221;vc_col-md-4&#8243;]\n\t<div class=\"wprt-icon-box accent-background  rounded icon-effect-2 width-70\">\n        <div class=\"icon-wrap font-size-40\">\n            <span class=\"dd-icon  icon-parquet\"><\/span>\n        <\/div>\n        <div class=\"content-wrap\">\n            <h3 class=\"dd-title font-size-18\">Cofragem<\/h3>\n            <p><\/p>\n        <\/div>\n    <\/div>\n\n[vc_empty_space height=&#8221;50px&#8221;]\n\t<div class=\"wprt-icon-box accent-background  rounded icon-effect-2 width-70\">\n        <div class=\"icon-wrap font-size-40\">\n            <span class=\"dd-icon  icon-constructing-a-brick-wall\"><\/span>\n        <\/div>\n        <div class=\"content-wrap\">\n            <h3 class=\"dd-title font-size-18\">Alvenarias<\/h3>\n            <p><\/p>\n        <\/div>\n    <\/div>\n\n[\/vc_column][vc_column offset=&#8221;vc_col-md-4&#8243;]\n\t<div class=\"wprt-icon-box accent-background  rounded icon-effect-2 width-70\">\n        <div class=\"icon-wrap font-size-40\">\n            <span class=\"dd-icon  icon-tiles\"><\/span>\n        <\/div>\n        <div class=\"content-wrap\">\n            <h3 class=\"dd-title font-size-18\">Cimbre<\/h3>\n            <p><\/p>\n        <\/div>\n    <\/div>\n\n[vc_empty_space height=&#8221;50px&#8221;]\n\t<div class=\"wprt-icon-box accent-background  rounded icon-effect-2 width-70\">\n        <div class=\"icon-wrap font-size-40\">\n            <span class=\"dd-icon  icon-engineer\"><\/span>\n        <\/div>\n        <div class=\"content-wrap\">\n            <h3 class=\"dd-title font-size-18\">M\u00e3o de obra Especializada<\/h3>\n            <p><\/p>\n        <\/div>\n    <\/div>\n\n[\/vc_column][\/vc_row][vc_row parallax_bg=&#8221;true&#8221; css=&#8221;.vc_custom_1497501025433{padding-top: 80px !important;padding-bottom: 80px !important;background-image: url(http:\/\/wpdemo.oceanthemes.net\/construction\/wp-content\/uploads\/sites\/6\/2017\/06\/bg-section-1.jpg?id=731) !important;}&#8221;][vc_column]\n    <h2 class=\"text-left\" style=color:#ffffff>TRABALHOS EM DESTAQUE<\/h2>\n    \t    <div class=\"wprt-lines style-1 custom-3\">\n\t        <div class=\"line-1\"><\/div>\n\t    <\/div>\n    \n        \t\n[vc_empty_space height=&#8221;50px&#8221;]\n\t<div class=\"wprt-project  arrow-style-2 has-arrows arrow60 arrow-dark\" data-layout=\"slider\" data-column=\"3\" data-column2=\"3\" data-column3=\"2\" data-column4=\"1\" data-gaph=\"30\" data-gapv=\"30\">\n\t\t<div id=\"projects\" class=\"cbp\">\n\t\t\t\t\t\t<div class=\"cbp-item\">\n                <div class=\"project-item\">\n                    <div class=\"inner\">\n                        <div class=\"grid\">\n                        <figure class=\"effect-honey\">\n                            <a href=\"https:\/\/vilaplano.com\/site\/portfolio\/transmontana-highway\/\"><img width=\"815\" height=\"539\" src=\"https:\/\/vilaplano.com\/site\/wp-content\/uploads\/2019\/03\/trans1.jpg\" class=\"attachment-post-thumbnail size-post-thumbnail wp-post-image\" alt=\"\" decoding=\"async\" srcset=\"https:\/\/vilaplano.com\/site\/wp-content\/uploads\/2019\/03\/trans1.jpg 815w, https:\/\/vilaplano.com\/site\/wp-content\/uploads\/2019\/03\/trans1-300x198.jpg 300w, https:\/\/vilaplano.com\/site\/wp-content\/uploads\/2019\/03\/trans1-768x508.jpg 768w\" sizes=\"(max-width: 815px) 100vw, 815px\" \/><\/a>\n                            <figcaption>\n                                <div>\n                                    <h2><a href=\"https:\/\/vilaplano.com\/site\/portfolio\/transmontana-highway\/\">TRANSMONTANA HIGHWAY<\/a><\/h2>\n                                    <p>Edif\u00edcios<span>, <\/span>Engenharia Civ\u00edl<span>, <\/span><\/p>\n                                <\/div>\n                            <\/figcaption>        \n                        <\/figure>\n                        <\/div>\n\n                        <a class=\"project-zoom cbp-lightbox\" href=\"https:\/\/vilaplano.com\/site\/wp-content\/uploads\/2019\/03\/trans1.jpg\" data-title=\"TRANSMONTANA HIGHWAY\">\n                            <i class=\"fa fa-arrows-alt\"><\/i>\n                        <\/a>\n                    <\/div>\n                <\/div>\n            <\/div>\n            \t\t\t<div class=\"cbp-item\">\n                <div class=\"project-item\">\n                    <div class=\"inner\">\n                        <div class=\"grid\">\n                        <figure class=\"effect-honey\">\n                            <a href=\"https:\/\/vilaplano.com\/site\/portfolio\/tunel-blonden\/\"><img width=\"829\" height=\"558\" src=\"https:\/\/vilaplano.com\/site\/wp-content\/uploads\/2019\/03\/tunel2.jpg\" class=\"attachment-post-thumbnail size-post-thumbnail wp-post-image\" alt=\"\" decoding=\"async\" srcset=\"https:\/\/vilaplano.com\/site\/wp-content\/uploads\/2019\/03\/tunel2.jpg 829w, https:\/\/vilaplano.com\/site\/wp-content\/uploads\/2019\/03\/tunel2-300x202.jpg 300w, https:\/\/vilaplano.com\/site\/wp-content\/uploads\/2019\/03\/tunel2-768x517.jpg 768w\" sizes=\"(max-width: 829px) 100vw, 829px\" \/><\/a>\n                            <figcaption>\n                                <div>\n                                    <h2><a href=\"https:\/\/vilaplano.com\/site\/portfolio\/tunel-blonden\/\">T\u00daNEL BLONDEN<\/a><\/h2>\n                                    <p>Edif\u00edcios<span>, <\/span>Engenharia Civ\u00edl<span>, <\/span><\/p>\n                                <\/div>\n                            <\/figcaption>        \n                        <\/figure>\n                        <\/div>\n\n                        <a class=\"project-zoom cbp-lightbox\" href=\"https:\/\/vilaplano.com\/site\/wp-content\/uploads\/2019\/03\/tunel2.jpg\" data-title=\"T\u00daNEL BLONDEN\">\n                            <i class=\"fa fa-arrows-alt\"><\/i>\n                        <\/a>\n                    <\/div>\n                <\/div>\n            <\/div>\n            \t\t\t<div class=\"cbp-item\">\n                <div class=\"project-item\">\n                    <div class=\"inner\">\n                        <div class=\"grid\">\n                        <figure class=\"effect-honey\">\n                            <a href=\"https:\/\/vilaplano.com\/site\/portfolio\/lactogal-factory\/\"><img width=\"738\" height=\"553\" src=\"https:\/\/vilaplano.com\/site\/wp-content\/uploads\/2019\/03\/universidade4.jpg\" class=\"attachment-post-thumbnail size-post-thumbnail wp-post-image\" alt=\"\" decoding=\"async\" srcset=\"https:\/\/vilaplano.com\/site\/wp-content\/uploads\/2019\/03\/universidade4.jpg 738w, https:\/\/vilaplano.com\/site\/wp-content\/uploads\/2019\/03\/universidade4-300x225.jpg 300w\" sizes=\"(max-width: 738px) 100vw, 738px\" \/><\/a>\n                            <figcaption>\n                                <div>\n                                    <h2><a href=\"https:\/\/vilaplano.com\/site\/portfolio\/lactogal-factory\/\">LACTOGAL FACTORY<\/a><\/h2>\n                                    <p>Edif\u00edcios<span>, <\/span>Engenharia Civ\u00edl<span>, <\/span><\/p>\n                                <\/div>\n                            <\/figcaption>        \n                        <\/figure>\n                        <\/div>\n\n                        <a class=\"project-zoom cbp-lightbox\" href=\"https:\/\/vilaplano.com\/site\/wp-content\/uploads\/2019\/03\/universidade4.jpg\" data-title=\"LACTOGAL FACTORY\">\n                            <i class=\"fa fa-arrows-alt\"><\/i>\n                        <\/a>\n                    <\/div>\n                <\/div>\n            <\/div>\n            \t\t\t<div class=\"cbp-item\">\n                <div class=\"project-item\">\n                    <div class=\"inner\">\n                        <div class=\"grid\">\n                        <figure class=\"effect-honey\">\n                            <a href=\"https:\/\/vilaplano.com\/site\/portfolio\/universidade-karel-grote\/\"><img width=\"848\" height=\"440\" src=\"https:\/\/vilaplano.com\/site\/wp-content\/uploads\/2019\/03\/universidade1.jpg\" class=\"attachment-post-thumbnail size-post-thumbnail wp-post-image\" alt=\"\" decoding=\"async\" srcset=\"https:\/\/vilaplano.com\/site\/wp-content\/uploads\/2019\/03\/universidade1.jpg 848w, https:\/\/vilaplano.com\/site\/wp-content\/uploads\/2019\/03\/universidade1-300x156.jpg 300w, https:\/\/vilaplano.com\/site\/wp-content\/uploads\/2019\/03\/universidade1-768x398.jpg 768w\" sizes=\"(max-width: 848px) 100vw, 848px\" \/><\/a>\n                            <figcaption>\n                                <div>\n                                    <h2><a href=\"https:\/\/vilaplano.com\/site\/portfolio\/universidade-karel-grote\/\">UNIVERSIDADE KAREL DE GROTE<\/a><\/h2>\n                                    <p>Edif\u00edcios<span>, <\/span>Engenharia Civ\u00edl<span>, <\/span><\/p>\n                                <\/div>\n                            <\/figcaption>        \n                        <\/figure>\n                        <\/div>\n\n                        <a class=\"project-zoom cbp-lightbox\" href=\"https:\/\/vilaplano.com\/site\/wp-content\/uploads\/2019\/03\/universidade1.jpg\" data-title=\"UNIVERSIDADE KAREL DE GROTE\">\n                            <i class=\"fa fa-arrows-alt\"><\/i>\n                        <\/a>\n                    <\/div>\n                <\/div>\n            <\/div>\n            \t\t\t<div class=\"cbp-item\">\n                <div class=\"project-item\">\n                    <div class=\"inner\">\n                        <div class=\"grid\">\n                        <figure class=\"effect-honey\">\n                            <a href=\"https:\/\/vilaplano.com\/site\/portfolio\/ponte-mondego\/\"><img width=\"850\" height=\"512\" src=\"https:\/\/vilaplano.com\/site\/wp-content\/uploads\/2019\/03\/pontemondego1.jpg\" class=\"attachment-post-thumbnail size-post-thumbnail wp-post-image\" alt=\"\" decoding=\"async\" srcset=\"https:\/\/vilaplano.com\/site\/wp-content\/uploads\/2019\/03\/pontemondego1.jpg 850w, https:\/\/vilaplano.com\/site\/wp-content\/uploads\/2019\/03\/pontemondego1-300x181.jpg 300w, https:\/\/vilaplano.com\/site\/wp-content\/uploads\/2019\/03\/pontemondego1-768x463.jpg 768w\" sizes=\"(max-width: 850px) 100vw, 850px\" \/><\/a>\n                            <figcaption>\n                                <div>\n                                    <h2><a href=\"https:\/\/vilaplano.com\/site\/portfolio\/ponte-mondego\/\">PONTE MONDEGO<\/a><\/h2>\n                                    <p>Engenharia Civ\u00edl<span>, <\/span>Obras Mar\u00edtimas<span>, <\/span><\/p>\n                                <\/div>\n                            <\/figcaption>        \n                        <\/figure>\n                        <\/div>\n\n                        <a class=\"project-zoom cbp-lightbox\" href=\"https:\/\/vilaplano.com\/site\/wp-content\/uploads\/2019\/03\/pontemondego1.jpg\" data-title=\"PONTE MONDEGO\">\n                            <i class=\"fa fa-arrows-alt\"><\/i>\n                        <\/a>\n                    <\/div>\n                <\/div>\n            <\/div>\n            \t\t\t<div class=\"cbp-item\">\n                <div class=\"project-item\">\n                    <div class=\"inner\">\n                        <div class=\"grid\">\n                        <figure class=\"effect-honey\">\n                            <a href=\"https:\/\/vilaplano.com\/site\/portfolio\/hospital-tamanrasset\/\"><img width=\"801\" height=\"537\" src=\"https:\/\/vilaplano.com\/site\/wp-content\/uploads\/2019\/03\/hospital-tamn3.jpg\" class=\"attachment-post-thumbnail size-post-thumbnail wp-post-image\" alt=\"\" decoding=\"async\" srcset=\"https:\/\/vilaplano.com\/site\/wp-content\/uploads\/2019\/03\/hospital-tamn3.jpg 801w, https:\/\/vilaplano.com\/site\/wp-content\/uploads\/2019\/03\/hospital-tamn3-300x201.jpg 300w, https:\/\/vilaplano.com\/site\/wp-content\/uploads\/2019\/03\/hospital-tamn3-768x515.jpg 768w\" sizes=\"(max-width: 801px) 100vw, 801px\" \/><\/a>\n                            <figcaption>\n                                <div>\n                                    <h2><a href=\"https:\/\/vilaplano.com\/site\/portfolio\/hospital-tamanrasset\/\">HOSPITAL TAMANRASSET<\/a><\/h2>\n                                    <p>Edif\u00edcios<span>, <\/span>Engenharia Civ\u00edl<span>, <\/span><\/p>\n                                <\/div>\n                            <\/figcaption>        \n                        <\/figure>\n                        <\/div>\n\n                        <a class=\"project-zoom cbp-lightbox\" href=\"https:\/\/vilaplano.com\/site\/wp-content\/uploads\/2019\/03\/hospital-tamn3.jpg\" data-title=\"HOSPITAL TAMANRASSET\">\n                            <i class=\"fa fa-arrows-alt\"><\/i>\n                        <\/a>\n                    <\/div>\n                <\/div>\n            <\/div>\n            \t\t<\/div>\n\t<\/div>\n\n[\/vc_column][\/vc_row][vc_row css=&#8221;.vc_custom_1497501529925{padding-top: 80px !important;padding-bottom: 80px !important;}&#8221;][vc_column offset=&#8221;vc_col-md-6&#8243;]\n    <h2 class=\"text-left\" >POR QUE NOS ESCOLHER?<\/h2>\n    \t    <div class=\"wprt-lines style-1 custom-3\">\n\t        <div class=\"line-1\"><\/div>\n\t    <\/div>\n    \n        \t\n[vc_empty_space height=&#8221;50px&#8221;][vc_tta_accordion shape=&#8221;square&#8221; gap=&#8221;10&#8243; c_icon=&#8221;&#8221; active_section=&#8221;2&#8243; collapsible_all=&#8221;true&#8221;][vc_tta_section title=&#8221;Mais de 30 anos na industria da constru\u00e7\u00e3o&#8221; tab_id=&#8221;1497501806433-d7f319fd-0907&#8243;][vc_column_text]<\/p>\n<p class=\"p1\"><span class=\"s1\">H\u00e1 mais de 30 anos, a VILAPLANO tem contado desde sempre com colaboradores competentes e empenhados no compromisso de satisfa\u00e7\u00e3o dos seus clientes, sendo com uma grande honra e orgulho que verificamos o nosso percurso dentro do setor da Constru\u00e7\u00e3o Civil.<\/span><\/p>\n<p>[\/vc_column_text][\/vc_tta_section][vc_tta_section title=&#8221;Somos especialistas em Bet\u00e3o Armado&#8221; tab_id=&#8221;1497501878002-212d57ef-23fd&#8221;][vc_column_text]<\/p>\n<p class=\"p1\"><span class=\"s1\">Especialistas em estruturas de bet\u00e3o armado com vasta experi\u00eancia na execu\u00e7\u00e3o dos trabalhos de estabilidade dos projetos de Engenharia. Podemos efectuar todos os trabalhos relacionados com o bet\u00e3o, desde a simples aplica\u00e7\u00e3o ou vibra\u00e7\u00e3o, at\u00e9 ao acabamento final, tratamento ou impermeabiliza\u00e7\u00e3o dos diversos elementos.\u00a0<\/span><\/p>\n<p>[\/vc_column_text][\/vc_tta_section][vc_tta_section title=&#8221;Nossa miss\u00e3o \u00e9 s\u00f3lida e voltada para os resultados&#8221; tab_id=&#8221;1497501876896-b3ca63ee-17eb&#8221;][vc_column_text]<\/p>\n<p class=\"p1\"><span class=\"s1\">Sermos melhores fazendo mais e compromisso sem limites s\u00e3o os lemas pelos quais os regemos e que representam a forma como encaramos a nossa atua\u00e7\u00e3o no mercado.<\/span><\/p>\n<p>[\/vc_column_text][\/vc_tta_section][vc_tta_section title=&#8221;Experi\u00eancia comprovada nacional e internacionalmente&#8221; tab_id=&#8221;1497501875799-d641cc76-1f8c&#8221;][vc_column_text]<\/p>\n<p class=\"p1\"><span class=\"s1\">A estrat\u00e9gia de internacionaliza\u00e7\u00e3o e de diversas solu\u00e7\u00f5es, e os elevados padr\u00f5es de qualidade com que pautamos o nosso trabalho, t\u00eam resultado na presen\u00e7a crescente em diversas zonas geogr\u00e1ficas e no reconhecimento final do cliente.<\/span><\/p>\n<p>[\/vc_column_text][\/vc_tta_section][vc_tta_section title=&#8221;Nossos colaboradores s\u00e3o especializados e altamente qualificados&#8221; tab_id=&#8221;1550514181644-b912c99a-9e15&#8243;][vc_column_text]<\/p>\n<p class=\"p1\"><span class=\"s1\">Possu\u00edmos um capital humano de mais de 1000 colaboradores especializados e altamente qualificados na concep\u00e7\u00e3o e execu\u00e7\u00e3o de cofragens e na industrializa\u00e7\u00e3o e aplica\u00e7\u00e3o de armaduras, oferecemos assim um servi\u00e7o global ao n\u00edvel de execu\u00e7\u00e3o de estruturas de bet\u00e3o armado.<\/span><\/p>\n<p>[\/vc_column_text][\/vc_tta_section][\/vc_tta_accordion][vc_column_text css=&#8221;.vc_custom_1497520256136{margin-bottom: 0px !important;}&#8221;]<\/p>\n<div class=\"wprt-spacer\" style=\"height: 0px;\" data-desktop=\"0\" data-mobi=\"35\" data-smobi=\"35\"><\/div>\n<p>[\/vc_column_text][\/vc_column][vc_column offset=&#8221;vc_col-md-6&#8243;]\n    <h2 class=\"text-left\" >SOBRE N\u00d3S<\/h2>\n    \t    <div class=\"wprt-lines style-1 custom-3\">\n\t        <div class=\"line-1\"><\/div>\n\t    <\/div>\n    \n        \t\n[vc_empty_space height=&#8221;50px&#8221;]\t\n\t<div class=\"wprt-galleries galleries w-770px\" data-width=\"142\" data-margin=\"15\">\n        <div id=\"wprt-slider\" class=\"flexslider\">\n            <ul class=\"slides\">\n                \t                <li class=\"flex-active-slide\">\n\t                    <a class=\"zoom\" href=\"https:\/\/vilaplano.com\/site\/wp-content\/uploads\/2019\/02\/Imagem2-vp-bg.png\"><i class=\"fa fa-arrows-alt\"><\/i><\/a>\n\t                    <img src=\"https:\/\/vilaplano.com\/site\/wp-content\/uploads\/2019\/02\/Imagem2-vp-bg.png\" alt=\"image\" \/>\n\t                <\/li>\n\t            \t                <li class=\"flex-active-slide\">\n\t                    <a class=\"zoom\" href=\"https:\/\/vilaplano.com\/site\/wp-content\/uploads\/2019\/03\/Imagem1.jpg\"><i class=\"fa fa-arrows-alt\"><\/i><\/a>\n\t                    <img src=\"https:\/\/vilaplano.com\/site\/wp-content\/uploads\/2019\/03\/Imagem1.jpg\" alt=\"image\" \/>\n\t                <\/li>\n\t            \t                <li class=\"flex-active-slide\">\n\t                    <a class=\"zoom\" href=\"https:\/\/vilaplano.com\/site\/wp-content\/uploads\/2019\/03\/Imagem2.jpg\"><i class=\"fa fa-arrows-alt\"><\/i><\/a>\n\t                    <img src=\"https:\/\/vilaplano.com\/site\/wp-content\/uploads\/2019\/03\/Imagem2.jpg\" alt=\"image\" \/>\n\t                <\/li>\n\t            \t                <li class=\"flex-active-slide\">\n\t                    <a class=\"zoom\" href=\"https:\/\/vilaplano.com\/site\/wp-content\/uploads\/2019\/03\/Imagem3.jpg\"><i class=\"fa fa-arrows-alt\"><\/i><\/a>\n\t                    <img src=\"https:\/\/vilaplano.com\/site\/wp-content\/uploads\/2019\/03\/Imagem3.jpg\" alt=\"image\" \/>\n\t                <\/li>\n\t                            \n            <\/ul>\n        <\/div>\n\n        <div id=\"wprt-carousel\" class=\"flexslider\">\n            <ul class=\"slides\">\n            \t                \t<li><img src=\"https:\/\/vilaplano.com\/site\/wp-content\/uploads\/2019\/02\/Imagem2-vp-bg.png\" alt=\"image\"><\/li>\n                                \t<li><img src=\"https:\/\/vilaplano.com\/site\/wp-content\/uploads\/2019\/03\/Imagem1.jpg\" alt=\"image\"><\/li>\n                                \t<li><img src=\"https:\/\/vilaplano.com\/site\/wp-content\/uploads\/2019\/03\/Imagem2.jpg\" alt=\"image\"><\/li>\n                                \t<li><img src=\"https:\/\/vilaplano.com\/site\/wp-content\/uploads\/2019\/03\/Imagem3.jpg\" alt=\"image\"><\/li>\n                            <\/ul>\n        <\/div>\n    <\/div>\t\n\n[\/vc_column][\/vc_row][vc_row parallax_bg=&#8221;true&#8221; css=&#8221;.vc_custom_1551198939235{padding-top: 120px !important;padding-bottom: 120px !important;background-image: url(https:\/\/vilaplano.com\/site\/wp-content\/uploads\/2019\/02\/fullbg2.png?id=1129) !important;}&#8221;][vc_column width=&#8221;1\/3&#8243;][\/vc_column][vc_column offset=&#8221;vc_col-md-8&#8243;][vc_column_text css=&#8221;.vc_custom_1616672786930{margin-bottom: 20px !important;}&#8221;]<\/p>\n<h2 class=\"text-right text-center-mobile text-white font-family-extend font-size-25 margin-bottom-0 line-height-normal letter-spacing-1px\">VILAPLANO CONSTRU\u00c7\u00d5ES<\/h2>\n<h3 class=\"text-right text-center-mobile text-white font-family-heading font-size-70 line-height-normal margin-bottom-20 letter-spacing-1px\"><strong>DADOS IMPORTANTES<\/strong><\/h3>\n<p>[\/vc_column_text][\/vc_column][vc_column width=&#8221;1\/2&#8243;][\/vc_column][vc_column offset=&#8221;vc_col-md-2&#8243;]\n\t<div class=\"wprt-counter text-center white-type has-plus\">\n        <div class=\"number\" data-speed=\"5000\" data-to=\"3000\" data-in-viewport=\"yes\">3000<\/div>\n        <div class=\"text\">PROJETOS CONCLU\u00cdDOS<\/div>\n    <\/div>\n    \t\n[\/vc_column][vc_column offset=&#8221;vc_col-md-2&#8243;]\n\t<div class=\"wprt-counter text-center white-type has-plus\">\n        <div class=\"number\" data-speed=\"5000\" data-to=\"300\" data-in-viewport=\"yes\">300<\/div>\n        <div class=\"text\">CLIENTES SATISFEITOS<\/div>\n    <\/div>\n    \t\n[\/vc_column][vc_column offset=&#8221;vc_col-md-2&#8243;]\n\t<div class=\"wprt-counter text-center white-type has-plus\">\n        <div class=\"number\" data-speed=\"5000\" data-to=\"1000\" data-in-viewport=\"yes\">1000<\/div>\n        <div class=\"text\">COLABORADORES ENVOLVIDOS<\/div>\n    <\/div>\n    \t\n[\/vc_column][\/vc_row]<\/p>\n","protected":false},"excerpt":{"rendered":"<p>[vc_row fullwidth=&#8221;yes&#8221;][vc_column][rev_slider_vc alias=&#8221;home-full&#8221;][\/vc_column][\/vc_row][vc_row el_class=&#8221;bg-color&#8221; css=&#8221;.vc_custom_1497500641462{padding-top: 32px !important;padding-bottom: 32px !important;}&#8221;][vc_column][\/vc_column][\/vc_row][vc_row css=&#8221;.vc_custom_1497500715270{padding-top: 80px !important;padding-bottom: 80px !important;}&#8221;][vc_column][vc_empty_space height=&#8221;50px&#8221;][\/vc_column][vc_column offset=&#8221;vc_col-md-4&#8243;][vc_empty_space height=&#8221;50px&#8221;][\/vc_column][vc_column offset=&#8221;vc_col-md-4&#8243;][vc_empty_space height=&#8221;50px&#8221;][\/vc_column][vc_column offset=&#8221;vc_col-md-4&#8243;][vc_empty_space height=&#8221;50px&#8221;][\/vc_column][\/vc_row][vc_row parallax_bg=&#8221;true&#8221; css=&#8221;.vc_custom_1497501025433{padding-top: 80px !important;padding-bottom: 80px !important;background-image: url(http:\/\/wpdemo.oceanthemes.net\/construction\/wp-content\/uploads\/sites\/6\/2017\/06\/bg-section-1.jpg?id=731) !important;}&#8221;][vc_column][vc_empty_space height=&#8221;50px&#8221;][\/vc_column][\/vc_row][vc_row css=&#8221;.vc_custom_1497501529925{padding-top: 80px !important;padding-bottom: 80px !important;}&#8221;][vc_column offset=&#8221;vc_col-md-6&#8243;][vc_empty_space height=&#8221;50px&#8221;][vc_tta_accordion shape=&#8221;square&#8221; gap=&#8221;10&#8243; c_icon=&#8221;&#8221; active_section=&#8221;2&#8243; collapsible_all=&#8221;true&#8221;][vc_tta_section title=&#8221;Mais de 30 anos na industria da constru\u00e7\u00e3o&#8221; tab_id=&#8221;1497501806433-d7f319fd-0907&#8243;][vc_column_text] H\u00e1 mais de 30 [&hellip;]<\/p>\n","protected":false},"author":3,"featured_media":0,"parent":0,"menu_order":0,"comment_status":"closed","ping_status":"closed","template":"page-templates\/template-trans.php","meta":{"footnotes":""},"acf":[],"_links":{"self":[{"href":"https:\/\/vilaplano.com\/site\/wp-json\/wp\/v2\/pages\/724"}],"collection":[{"href":"https:\/\/vilaplano.com\/site\/wp-json\/wp\/v2\/pages"}],"about":[{"href":"https:\/\/vilaplano.com\/site\/wp-json\/wp\/v2\/types\/page"}],"author":[{"embeddable":true,"href":"https:\/\/vilaplano.com\/site\/wp-json\/wp\/v2\/users\/3"}],"replies":[{"embeddable":true,"href":"https:\/\/vilaplano.com\/site\/wp-json\/wp\/v2\/comments?post=724"}],"version-history":[{"count":20,"href":"https:\/\/vilaplano.com\/site\/wp-json\/wp\/v2\/pages\/724\/revisions"}],"predecessor-version":[{"id":1397,"href":"https:\/\/vilaplano.com\/site\/wp-json\/wp\/v2\/pages\/724\/revisions\/1397"}],"wp:attachment":[{"href":"https:\/\/vilaplano.com\/site\/wp-json\/wp\/v2\/media?parent=724"}],"curies":[{"name":"wp","href":"https:\/\/api.w.org\/{rel}","templated":true}]}}