{"id":703,"date":"2017-06-14T09:01:59","date_gmt":"2017-06-14T09:01:59","guid":{"rendered":"http:\/\/localhost\/construct\/?page_id=703"},"modified":"2019-03-16T00:53:32","modified_gmt":"2019-03-16T00:53:32","slug":"nossos-servicos","status":"publish","type":"page","link":"https:\/\/vilaplano.com\/site\/nossos-servicos\/","title":{"rendered":"Nossos Servi\u00e7os"},"content":{"rendered":"<p>[vc_row css=&#8221;.vc_custom_1497430886161{padding-top: 80px !important;}&#8221;][vc_column]\n    <h2 class=\"text-center\" >PRINCIPAIS SERVI\u00c7OS<\/h2>\n    \t    <div class=\"wprt-lines style-2 custom-1\">\n\t        <div class=\"line-1\"><\/div>\n\t    <\/div>\n    \n    \t    <div class=\"wprt-spacer\" data-desktop=\"36\" data-mobi=\"30\" data-smobi=\"30\"><\/div>\n\t    <div class=\"wprt-subtitle \"><\/p>\n<p class=\"p1\"><span class=\"s1\">Sermos melhores fazendo mais & Compromisso sem limites.<\/span><\/p>\n<p class=\"p1\"><span class=\"s1\">Especialistas em estruturas de bet\u00e3o armado com vasta experi\u00eancia na execu\u00e7\u00e3o dos trabalhos de estabilidade dos projetos de Engenharia. Podemos efectuar todos os trabalhos relacionados com o bet\u00e3o, desde a simples aplica\u00e7\u00e3o ou vibra\u00e7\u00e3o, at\u00e9 ao acabamento final, tratamento ou impermeabiliza\u00e7\u00e3o dos diversos elementos.<\/span><\/p>\n<p><\/div>\n\t    \t\n[vc_empty_space height=&#8221;50px&#8221;][\/vc_column][vc_column offset=&#8221;vc_col-md-4&#8243;]\n\t<div class=\"wprt-icon-box accent-background icon-right rounded icon-effect-3 width-70\">\n        <div class=\"icon-wrap font-size-40\">\n            <span class=\"dd-icon  icon-brick-wall\"><\/span>\n        <\/div>\n        <div class=\"content-wrap\">\n            <h3 class=\"dd-title font-size-18\">BET\u00c3O ARMADO<\/h3>\n            <p>Somos uma empresa forte e de refer\u00eancia mundial em Bet\u00e3o Armado. Podemos efetuar todos os trabalhos relacionados com Bet\u00e3o Armado, desde a simples aplica\u00e7\u00e3o ou vibra\u00e7\u00e3o, at\u00e9 ao acabamento final, tratamento ou impermeabiliza\u00e7\u00e3o dos diversos elementos.<\/p>\n        <\/div>\n    <\/div>\n\n[vc_empty_space height=&#8221;22px&#8221;]\n\t<div class=\"wprt-icon-box accent-background icon-right rounded icon-effect-3 width-70\">\n        <div class=\"icon-wrap font-size-40\">\n            <span class=\"dd-icon  icon-parquet\"><\/span>\n        <\/div>\n        <div class=\"content-wrap\">\n            <h3 class=\"dd-title font-size-18\">COFRAGEM<\/h3>\n            <p>Atrav\u00e9s de m\u00e3o de obra altamente especializada podemos intervir em em todos os processos na execu\u00e7\u00e3o de cofragens, quer ao n\u00edvel t\u00e9cnico quer ao n\u00edvel de produ\u00e7\u00e3o.<\/p>\n        <\/div>\n    <\/div>\n\n[vc_empty_space height=&#8221;22px&#8221;]\n\t<div class=\"wprt-icon-box accent-background icon-right rounded icon-effect-3 width-70\">\n        <div class=\"icon-wrap font-size-40\">\n            <span class=\"dd-icon  icon-tiles\"><\/span>\n        <\/div>\n        <div class=\"content-wrap\">\n            <h3 class=\"dd-title font-size-18\">CIMBRE<\/h3>\n            <p>Como especialistas em Bet\u00e3o Armado tamb\u00e9m executamos todos os trabalhos de cimbramento provis\u00f3rio para suporte das estruturas de cofragem, desde a fase de projeto at\u00e9 \u00e0 execu\u00e7\u00e3o em obra.<\/p>\n        <\/div>\n    <\/div>\n\n[vc_empty_space height=&#8221;22px&#8221;][\/vc_column][vc_column offset=&#8221;vc_col-md-4&#8243;][vc_single_image image=&#8221;1226&#8243; img_size=&#8221;full&#8221; alignment=&#8221;center&#8221; css=&#8221;.vc_custom_1552351250522{margin-bottom: 0px !important;}&#8221;][\/vc_column][vc_column offset=&#8221;vc_col-md-4&#8243;]\n\t<div class=\"wprt-icon-box accent-background icon-left rounded icon-effect-3 width-70\">\n        <div class=\"icon-wrap font-size-40\">\n            <span class=\"dd-icon  icon-anvil\"><\/span>\n        <\/div>\n        <div class=\"content-wrap\">\n            <h3 class=\"dd-title font-size-18\">A\u00c7O<\/h3>\n            <p>Vasta experi\u00eancia na aplica\u00e7\u00e3o de armaduras colaboramos com os nossos parceiros das mais distintas formas nas seguintes modalidades: Industrializa\u00e7\u00e3o, elabora\u00e7\u00e3o e e aplica\u00e7\u00e3o de armaduras.<\/p>\n        <\/div>\n    <\/div>\n\n[vc_empty_space height=&#8221;22px&#8221;]\n\t<div class=\"wprt-icon-box accent-background icon-left rounded icon-effect-3 width-70\">\n        <div class=\"icon-wrap font-size-40\">\n            <span class=\"dd-icon  icon-constructing-a-brick-wall\"><\/span>\n        <\/div>\n        <div class=\"content-wrap\">\n            <h3 class=\"dd-title font-size-18\">ALVENARIAS<\/h3>\n            <p>Tratamos em corresponder \u00e0s necessidades espec\u00edficas de cada obra de uma forma c\u00e9lebre e eficaz, ao executarmos outros tipos de trabalhos complementares, nomeadamente, alvenarias dos mais variados tipos.<\/p>\n        <\/div>\n    <\/div>\n\n[vc_empty_space height=&#8221;22px&#8221;]\n\t<div class=\"wprt-icon-box accent-background icon-left rounded icon-effect-3 width-70\">\n        <div class=\"icon-wrap font-size-40\">\n            <span class=\"dd-icon  icon-engineer\"><\/span>\n        <\/div>\n        <div class=\"content-wrap\">\n            <h3 class=\"dd-title font-size-18\">M\u00c3O DE OBRA ESPECIALIZADA<\/h3>\n            <p>Estando instalada no mercado h\u00e1 mais de 30 anos, possu\u00edmos trabalhadores e especialistas em diversas \u00e1reas e um variado leque de clientes nacionais e internacionais, primando por uma resposta r\u00e1pida e eficiente em menos de 24 horas.<\/p>\n        <\/div>\n    <\/div>\n\n[vc_empty_space height=&#8221;22px&#8221;][\/vc_column][\/vc_row][vc_row el_class=&#8221;bg-color&#8221; css=&#8221;.vc_custom_1497435104867{padding-top: 32px !important;padding-bottom: 32px !important;}&#8221;][vc_column]\n\t\t\t<div class=\"col-md-8\">\n\t        <div class=\"wprt-spacer\" data-desktop=\"8\" data-mobi=\"0\" data-smobi=\"0\"><\/div>\n\t        <h2 class=\"text-white text-center-mobile font-size-20 margin-bottom-0\">ESPECIALISTAS EM ESTRUTURAS DE BET\u00c3O ARMADO<\/h2>\n\t        <div class=\"wprt-spacer\" data-desktop=\"0\" data-mobi=\"20\" data-smobi=\"20\"><\/div>\n\t    <\/div>\n\n\t    <div class=\"col-md-4\">\n\t        <div class=\"text-right text-center-mobile\">\n\t        \n\t        <a class=\"wprt-button white rounded-3px\" href=\"https:\/\/vilaplano.com\/site\/contactos\/\" target=\"_self\">CONTACTAR<\/a>\t        <\/div>\n\t    <\/div>\n\t\n[\/vc_column][\/vc_row]<\/p>\n","protected":false},"excerpt":{"rendered":"<p>[vc_row css=&#8221;.vc_custom_1497430886161{padding-top: 80px !important;}&#8221;][vc_column][vc_empty_space height=&#8221;50px&#8221;][\/vc_column][vc_column offset=&#8221;vc_col-md-4&#8243;][vc_empty_space height=&#8221;22px&#8221;][vc_empty_space height=&#8221;22px&#8221;][vc_empty_space height=&#8221;22px&#8221;][\/vc_column][vc_column offset=&#8221;vc_col-md-4&#8243;][vc_single_image image=&#8221;1226&#8243; img_size=&#8221;full&#8221; alignment=&#8221;center&#8221; css=&#8221;.vc_custom_1552351250522{margin-bottom: 0px !important;}&#8221;][\/vc_column][vc_column offset=&#8221;vc_col-md-4&#8243;][vc_empty_space height=&#8221;22px&#8221;][vc_empty_space height=&#8221;22px&#8221;][vc_empty_space height=&#8221;22px&#8221;][\/vc_column][\/vc_row][vc_row el_class=&#8221;bg-color&#8221; css=&#8221;.vc_custom_1497435104867{padding-top: 32px !important;padding-bottom: 32px !important;}&#8221;][vc_column][\/vc_column][\/vc_row]<\/p>\n","protected":false},"author":3,"featured_media":0,"parent":0,"menu_order":0,"comment_status":"closed","ping_status":"closed","template":"page-templates\/template-fullwidth.php","meta":{"footnotes":""},"acf":[],"_links":{"self":[{"href":"https:\/\/vilaplano.com\/site\/wp-json\/wp\/v2\/pages\/703"}],"collection":[{"href":"https:\/\/vilaplano.com\/site\/wp-json\/wp\/v2\/pages"}],"about":[{"href":"https:\/\/vilaplano.com\/site\/wp-json\/wp\/v2\/types\/page"}],"author":[{"embeddable":true,"href":"https:\/\/vilaplano.com\/site\/wp-json\/wp\/v2\/users\/3"}],"replies":[{"embeddable":true,"href":"https:\/\/vilaplano.com\/site\/wp-json\/wp\/v2\/comments?post=703"}],"version-history":[{"count":18,"href":"https:\/\/vilaplano.com\/site\/wp-json\/wp\/v2\/pages\/703\/revisions"}],"predecessor-version":[{"id":1333,"href":"https:\/\/vilaplano.com\/site\/wp-json\/wp\/v2\/pages\/703\/revisions\/1333"}],"wp:attachment":[{"href":"https:\/\/vilaplano.com\/site\/wp-json\/wp\/v2\/media?parent=703"}],"curies":[{"name":"wp","href":"https:\/\/api.w.org\/{rel}","templated":true}]}}