{"id":1480,"date":"2025-02-15T16:25:55","date_gmt":"2025-02-15T16:25:55","guid":{"rendered":"https:\/\/vilaplano.com\/site\/?page_id=1480"},"modified":"2025-02-15T16:50:05","modified_gmt":"2025-02-15T16:50:05","slug":"codigo-de-conduta-empresarial","status":"publish","type":"page","link":"https:\/\/vilaplano.com\/site\/codigo-de-conduta-empresarial\/","title":{"rendered":"C\u00d3DIGO DE CONDUTA EMPRESARIAL"},"content":{"rendered":"\r\n<div class=\"wp-block-file\"><object class=\"wp-block-file__embed\" style=\"width: 100%; height: 600px;\" data=\"https:\/\/vilaplano.com\/site\/wp-content\/uploads\/2025\/02\/CODIGO-DE-CONDUTA-EMPRESARIAL.pdf\" type=\"application\/pdf\" width=\"300\" height=\"150\" aria-label=\"Incorpora\u00e7\u00e3o de C\u00d3DIGO DE CONDUTA EMPRESARIAL.\"><\/object><a id=\"wp-block-file--media-931de5db-da54-45ee-b11f-6fffb90b7ef5\" href=\"https:\/\/vilaplano.com\/site\/wp-content\/uploads\/2025\/02\/CODIGO-DE-CONDUTA-EMPRESARIAL.pdf\">C\u00d3DIGO DE CONDUTA EMPRESARIAL<\/a><a class=\"wp-block-file__button wp-element-button\" href=\"https:\/\/vilaplano.com\/site\/wp-content\/uploads\/2025\/02\/CODIGO-DE-CONDUTA-EMPRESARIAL.pdf\" download=\"\" aria-describedby=\"wp-block-file--media-931de5db-da54-45ee-b11f-6fffb90b7ef5\">Descarregar<\/a><\/div>\r\n","protected":false},"excerpt":{"rendered":"C\u00d3DIGO DE CONDUTA EMPRESARIALDescarregar","protected":false},"author":3,"featured_media":0,"parent":0,"menu_order":0,"comment_status":"closed","ping_status":"closed","template":"page-templates\/template-fullwidth.php","meta":{"footnotes":""},"acf":[],"_links":{"self":[{"href":"https:\/\/vilaplano.com\/site\/wp-json\/wp\/v2\/pages\/1480"}],"collection":[{"href":"https:\/\/vilaplano.com\/site\/wp-json\/wp\/v2\/pages"}],"about":[{"href":"https:\/\/vilaplano.com\/site\/wp-json\/wp\/v2\/types\/page"}],"author":[{"embeddable":true,"href":"https:\/\/vilaplano.com\/site\/wp-json\/wp\/v2\/users\/3"}],"replies":[{"embeddable":true,"href":"https:\/\/vilaplano.com\/site\/wp-json\/wp\/v2\/comments?post=1480"}],"version-history":[{"count":3,"href":"https:\/\/vilaplano.com\/site\/wp-json\/wp\/v2\/pages\/1480\/revisions"}],"predecessor-version":[{"id":1492,"href":"https:\/\/vilaplano.com\/site\/wp-json\/wp\/v2\/pages\/1480\/revisions\/1492"}],"wp:attachment":[{"href":"https:\/\/vilaplano.com\/site\/wp-json\/wp\/v2\/media?parent=1480"}],"curies":[{"name":"wp","href":"https:\/\/api.w.org\/{rel}","templated":true}]}}