{"id":1478,"date":"2025-02-15T16:25:09","date_gmt":"2025-02-15T16:25:09","guid":{"rendered":"https:\/\/vilaplano.com\/site\/?page_id=1478"},"modified":"2025-02-15T16:51:12","modified_gmt":"2025-02-15T16:51:12","slug":"plano-de-prevencao-de-riscos-de-corrupcao-e-infracoes-conexas","status":"publish","type":"page","link":"https:\/\/vilaplano.com\/site\/plano-de-prevencao-de-riscos-de-corrupcao-e-infracoes-conexas\/","title":{"rendered":"PLANO DE PREVEN\u00c7\u00c3O DE RISCOS DE CORRUP\u00c7\u00c3O E INFRA\u00c7\u00d5ES CONEXAS"},"content":{"rendered":"\r\n<p>&nbsp;<\/p>\r\n\r\n\r\n\r\n<div class=\"wp-block-file\"><object class=\"wp-block-file__embed\" style=\"width: 100%; height: 600px;\" data=\"https:\/\/vilaplano.com\/site\/wp-content\/uploads\/2025\/02\/Plano-de-Prevencao-de-Riscos-de-Corrupcao-e-Infracoes-Conexas.pdf\" type=\"application\/pdf\" width=\"300\" height=\"150\" aria-label=\"Incorpora\u00e7\u00e3o de Plano-de-Prevencao-de-Riscos-de-Corrupcao-e-Infracoes-Conexas.\"><\/object><a id=\"wp-block-file--media-3a9b017c-0998-49cf-85cb-105e0cc0d38d\" href=\"https:\/\/vilaplano.com\/site\/wp-content\/uploads\/2025\/02\/Plano-de-Prevencao-de-Riscos-de-Corrupcao-e-Infracoes-Conexas.pdf\">Plano-de-Prevencao-de-Riscos-de-Corrupcao-e-Infracoes-Conexas<\/a><a class=\"wp-block-file__button wp-element-button\" href=\"https:\/\/vilaplano.com\/site\/wp-content\/uploads\/2025\/02\/Plano-de-Prevencao-de-Riscos-de-Corrupcao-e-Infracoes-Conexas.pdf\" download=\"\" aria-describedby=\"wp-block-file--media-3a9b017c-0998-49cf-85cb-105e0cc0d38d\">Descarregar<\/a><\/div>\r\n","protected":false},"excerpt":{"rendered":"<p>&nbsp;<\/p>\n","protected":false},"author":3,"featured_media":0,"parent":0,"menu_order":0,"comment_status":"closed","ping_status":"closed","template":"page-templates\/template-fullwidth.php","meta":{"footnotes":""},"acf":[],"_links":{"self":[{"href":"https:\/\/vilaplano.com\/site\/wp-json\/wp\/v2\/pages\/1478"}],"collection":[{"href":"https:\/\/vilaplano.com\/site\/wp-json\/wp\/v2\/pages"}],"about":[{"href":"https:\/\/vilaplano.com\/site\/wp-json\/wp\/v2\/types\/page"}],"author":[{"embeddable":true,"href":"https:\/\/vilaplano.com\/site\/wp-json\/wp\/v2\/users\/3"}],"replies":[{"embeddable":true,"href":"https:\/\/vilaplano.com\/site\/wp-json\/wp\/v2\/comments?post=1478"}],"version-history":[{"count":5,"href":"https:\/\/vilaplano.com\/site\/wp-json\/wp\/v2\/pages\/1478\/revisions"}],"predecessor-version":[{"id":1493,"href":"https:\/\/vilaplano.com\/site\/wp-json\/wp\/v2\/pages\/1478\/revisions\/1493"}],"wp:attachment":[{"href":"https:\/\/vilaplano.com\/site\/wp-json\/wp\/v2\/media?parent=1478"}],"curies":[{"name":"wp","href":"https:\/\/api.w.org\/{rel}","templated":true}]}}