{"id":1437,"date":"2023-10-19T10:55:56","date_gmt":"2023-10-19T10:55:56","guid":{"rendered":"https:\/\/vilaplano.com\/site\/?page_id=1437"},"modified":"2023-10-27T10:40:20","modified_gmt":"2023-10-27T10:40:20","slug":"canal-de-denuncias","status":"publish","type":"page","link":"https:\/\/vilaplano.com\/site\/canal-de-denuncias\/","title":{"rendered":"Canal de Den\u00fancias"},"content":{"rendered":"<p>[vc_row][vc_column][vc_column_text]O Canal de Den\u00fancias \u00e9 um <strong>meio de comunica\u00e7\u00e3o seguro<\/strong> e possibilita o <strong>anonimato das den\u00fancias<\/strong>.<br \/>\nAssume um car\u00e1cter, essencialmente, preventivo e baseia-se num sistema de gest\u00e3o de den\u00fancias desenhado<br \/>\npara garantir a confidencialidade ao longo de todo o processo.[\/vc_column_text][vc_column_text]<strong>DEN\u00daNCIAS<\/strong><\/p>\n<p>Os denunciantes t\u00eam dispon\u00edveis as seguintes formas para apresentar Den\u00fancias, nomeadamente:[\/vc_column_text][vc_column_text]<\/p>\n<table>\n<tbody>\n<tr>\n<td rowspan=\"5\" width=\"97\"><strong>DEN\u00daNCIA ESCRITA<\/strong><\/td>\n<td width=\"121\">Por correio eletr\u00f3nico (email)<\/td>\n<td width=\"348\">A den\u00fancia deve ser remetida para:<\/p>\n<p><a href=\"mailto:canaldedenuncias@vilaplano.pt\">canaldedenuncias@vilaplano.pt<\/a><\/td>\n<\/tr>\n<tr>\n<td width=\"121\">Por correio regular<\/td>\n<td width=\"348\">A den\u00fancia deve ser remetida em envelope fechado, com a indica\u00e7\u00e3o, no exterior \u2013 N\u00c3O ABRIR \u2013 para o seguinte endere\u00e7o:<\/p>\n<p>Departamento de Denuncias<\/p>\n<p>VilaPlano Constru\u00e7\u00f5es, Lda.<\/p>\n<p>Rua Manuel Boaventura, n.\u00ba 11<\/p>\n<p>4740-305 esposende<\/td>\n<\/tr>\n<tr>\n<td width=\"121\">Formul\u00e1rio de Registo Interno<\/td>\n<td width=\"348\">Formul\u00e1rio disponibilizado pela VilaPlano Constru\u00e7\u00f5es, Lda., caso solicitado. Ou fa\u00e7a download <a href=\"https:\/\/vilaplano.com\/site\/denuncias\/Canal de denuncias_1.pdf\" target=\"_blank\" rel=\"noopener\">AQUI<\/a><\/td>\n<\/tr>\n<tr>\n<td width=\"121\">Formul\u00e1rio digital<\/td>\n<td width=\"348\">Registo no\u00a0 formul\u00e1rio abaixo indicado<\/td>\n<\/tr>\n<\/tbody>\n<\/table>\n<p>[\/vc_column_text][vc_column_text]<\/p>\n<table>\n<tbody>\n<tr>\n<td rowspan=\"2\" width=\"97\"><strong>DEN\u00daNCIA VERBAL<\/strong><\/td>\n<td width=\"121\">Por telefone<\/td>\n<td width=\"348\">253 986 097 \u2013 dispon\u00edvel entre as 09:00 \u2013 18:00<\/td>\n<\/tr>\n<tr>\n<td width=\"121\">Em reuni\u00e3o<\/p>\n<p>presencial, a<\/p>\n<p>pedido do<\/p>\n<p>denunciante<\/td>\n<td width=\"348\">A reuni\u00e3o presencial efetua-se apenas nas situa\u00e7\u00f5es em que a mesma seja pedida pelo denunciante.<\/p>\n<p>Para esse efeito, deve ser solicitada a sua marca\u00e7\u00e3o pr\u00e9via atrav\u00e9s de qualquer dos contactos referidos acima.<\/td>\n<\/tr>\n<\/tbody>\n<\/table>\n<p>[\/vc_column_text][vc_column_text]<strong>Formul\u00e1rio digital<\/strong><\/p>\n<p>Por favor preencha os campos\u00a0que se seguem e carregue em Enviar.<\/p>\n<p>Alertamos para que, caso opte por efetuar uma den\u00fancia an\u00f3nima, n\u00e3o lhe poder\u00e1 posteriormente ser fornecida qualquer informa\u00e7\u00e3o sobre a mesma.[\/vc_column_text][\/vc_column][\/vc_row][vc_row][vc_column]\n<div class=\"wpcf7 no-js\" id=\"wpcf7-f1439-o1\" lang=\"pt-PT\" dir=\"ltr\">\n<div class=\"screen-reader-response\"><p role=\"status\" aria-live=\"polite\" aria-atomic=\"true\"><\/p> <ul><\/ul><\/div>\n<form action=\"\/site\/wp-json\/wp\/v2\/pages\/1437#wpcf7-f1439-o1\" method=\"post\" class=\"wpcf7-form init cf7skins cf7t-fieldset-basic cf7s-topaz\" aria-label=\"Formul\u00e1rio de contacto\" enctype=\"multipart\/form-data\" novalidate=\"novalidate\" data-status=\"init\">\n<div style=\"display: none;\">\n<input type=\"hidden\" name=\"_wpcf7\" value=\"1439\" \/>\n<input type=\"hidden\" name=\"_wpcf7_version\" value=\"5.8.1\" \/>\n<input type=\"hidden\" name=\"_wpcf7_locale\" value=\"pt_PT\" \/>\n<input type=\"hidden\" name=\"_wpcf7_unit_tag\" value=\"wpcf7-f1439-o1\" \/>\n<input type=\"hidden\" name=\"_wpcf7_container_post\" value=\"0\" \/>\n<input type=\"hidden\" name=\"_wpcf7_posted_data_hash\" value=\"\" \/>\n<input type=\"hidden\" name=\"_wpcf7_recaptcha_response\" value=\"\" \/>\n<\/div>\n<fieldset>\n\t<legend>Infra\u00e7\u00e3o<\/legend>\n\t<ol>\n\t\t<li><label for=''>Tipo de infra\u00e7\u00e3o <\/label><span class=\"wpcf7-form-control-wrap\" data-name=\"tipo-de-infracao\"><input size=\"40\" class=\"wpcf7-form-control wpcf7-text\" aria-invalid=\"false\" value=\"\" type=\"text\" name=\"tipo-de-infracao\" \/><\/span><\/li>\n\t\t<li><label for=''>Local onde ocorreu <\/label><span class=\"wpcf7-form-control-wrap\" data-name=\"local-onde-ocorreu\"><input size=\"40\" class=\"wpcf7-form-control wpcf7-text\" aria-invalid=\"false\" value=\"\" type=\"text\" name=\"local-onde-ocorreu\" \/><\/span><\/li>\n\t\t<li><label for=''>Data da ocorr\u00eancia <\/label><span class=\"wpcf7-form-control-wrap\" data-name=\"data-da-ocorrencia\"><input class=\"wpcf7-form-control wpcf7-date wpcf7-validates-as-date\" aria-invalid=\"false\" value=\"\" type=\"date\" name=\"data-da-ocorrencia\" \/><\/span><\/li>\n\t\t<li><label for=''>Descri\u00e7\u00e3o da ocorr\u00eancia <\/label><span class=\"wpcf7-form-control-wrap\" data-name=\"descricao-da-ocorrencia\"><textarea cols=\"40\" rows=\"10\" class=\"wpcf7-form-control wpcf7-textarea\" aria-invalid=\"false\" name=\"descricao-da-ocorrencia\"><\/textarea><\/span><\/li>\n\t\t<li><label for=''>Como tomou conhecimento <\/label><span class=\"wpcf7-form-control-wrap\" data-name=\"como-tomou-conhecimento\"><input size=\"40\" class=\"wpcf7-form-control wpcf7-text\" aria-invalid=\"false\" value=\"\" type=\"text\" name=\"como-tomou-conhecimento\" \/><\/span><\/li>\n\t<\/ol>\n<\/fieldset>\n<fieldset>\n\t<legend>Testemunhas<\/legend>\n\t<ol>\n\t\t<li><label for=''> <\/label><span class=\"wpcf7-form-control-wrap\" data-name=\"opcoes-testemunhas\"><span class=\"wpcf7-form-control wpcf7-radio\"><span class=\"wpcf7-list-item first\"><input type=\"radio\" name=\"opcoes-testemunhas\" value=\"SIM\" checked=\"checked\" \/><span class=\"wpcf7-list-item-label\">SIM<\/span><\/span><span class=\"wpcf7-list-item\"><input type=\"radio\" name=\"opcoes-testemunhas\" value=\"N\u00c3O\" \/><span class=\"wpcf7-list-item-label\">N\u00c3O<\/span><\/span><span class=\"wpcf7-list-item last\"><input type=\"radio\" name=\"opcoes-testemunhas\" value=\"N\u00c3O SEI\" \/><span class=\"wpcf7-list-item-label\">N\u00c3O SEI<\/span><\/span><\/span><\/span><\/li>\n\t\t<li><label for=''>Nome <\/label><span class=\"wpcf7-form-control-wrap\" data-name=\"nome-testemunha-1\"><input size=\"40\" class=\"wpcf7-form-control wpcf7-text\" aria-invalid=\"false\" value=\"\" type=\"text\" name=\"nome-testemunha-1\" \/><\/span><\/li>\n\t\t<li><label for=''>Email <\/label><span class=\"wpcf7-form-control-wrap\" data-name=\"email-testemunha-1\"><input size=\"40\" class=\"wpcf7-form-control wpcf7-email wpcf7-text wpcf7-validates-as-email\" aria-invalid=\"false\" value=\"\" type=\"email\" name=\"email-testemunha-1\" \/><\/span><\/li>\n\t\t<li><label for=''>Nome <\/label><span class=\"wpcf7-form-control-wrap\" data-name=\"nome-testemunha-2\"><input size=\"40\" class=\"wpcf7-form-control wpcf7-text\" aria-invalid=\"false\" value=\"\" type=\"text\" name=\"nome-testemunha-2\" \/><\/span><\/li>\n\t\t<li><label for=''>Email <\/label><span class=\"wpcf7-form-control-wrap\" data-name=\"email-testemunha-2\"><input size=\"40\" class=\"wpcf7-form-control wpcf7-email wpcf7-text wpcf7-validates-as-email\" aria-invalid=\"false\" value=\"\" type=\"email\" name=\"email-testemunha-2\" \/><\/span><\/li>\n\t\t<li><label for=''>Nome <\/label><span class=\"wpcf7-form-control-wrap\" data-name=\"nome-testemunha-3\"><input size=\"40\" class=\"wpcf7-form-control wpcf7-text\" aria-invalid=\"false\" value=\"\" type=\"text\" name=\"nome-testemunha-3\" \/><\/span><\/li>\n\t\t<li><label for=''>Email <\/label><span class=\"wpcf7-form-control-wrap\" data-name=\"email-testemunha-3\"><input size=\"40\" class=\"wpcf7-form-control wpcf7-email wpcf7-text wpcf7-validates-as-email\" aria-invalid=\"false\" value=\"\" type=\"email\" name=\"email-testemunha-3\" \/><\/span><\/li>\n\t<\/ol>\n\t<ol\/>\n<\/fieldset>\n<fieldset>\n\t<legend>Anexar documentos<\/legend>\n\t<ol>\n\t\t<li><label for='your-file'>Imagens, Grava\u00e7\u00f5es, Audio ou Video (jpg, zip, mp4, mp3) <\/label><span class=\"wpcf7-form-control-wrap\" data-name=\"your-file\"><input size=\"40\" class=\"wpcf7-form-control wpcf7-file\" accept=\".jpg,.zip,.mp4,.mp3\" aria-invalid=\"false\" type=\"file\" name=\"your-file\" \/><\/span><\/li>\n\t<\/ol>\n\t<ol\/>\n<\/fieldset>\n<fieldset>\n\t<legend>Quer ser contactado(a)<\/legend>\n\t<ol>\n\t\t<li><label for=''> <\/label><span class=\"wpcf7-form-control-wrap\" data-name=\"opcao-ser-contactado\"><span class=\"wpcf7-form-control wpcf7-radio\"><span class=\"wpcf7-list-item first\"><input type=\"radio\" name=\"opcao-ser-contactado\" value=\"SIM\" checked=\"checked\" \/><span class=\"wpcf7-list-item-label\">SIM<\/span><\/span><span class=\"wpcf7-list-item last\"><input type=\"radio\" name=\"opcao-ser-contactado\" value=\"N\u00c3O\" \/><span class=\"wpcf7-list-item-label\">N\u00c3O<\/span><\/span><\/span><\/span><\/li>\n\t\t<li><label for=''>Nome <\/label><span class=\"wpcf7-form-control-wrap\" data-name=\"nome-contactado\"><input size=\"40\" class=\"wpcf7-form-control wpcf7-text\" aria-invalid=\"false\" value=\"\" type=\"text\" name=\"nome-contactado\" \/><\/span><\/li>\n\t\t<li><label for=''>Telem\u00f3vel <\/label><span class=\"wpcf7-form-control-wrap\" data-name=\"telemovel-contactado\"><input size=\"40\" class=\"wpcf7-form-control wpcf7-text\" aria-invalid=\"false\" value=\"\" type=\"text\" name=\"telemovel-contactado\" \/><\/span><\/li>\n\t\t<li><label for=''>Email <\/label><span class=\"wpcf7-form-control-wrap\" data-name=\"email-contactado\"><input size=\"40\" class=\"wpcf7-form-control wpcf7-email wpcf7-text wpcf7-validates-as-email\" aria-invalid=\"false\" value=\"\" type=\"email\" name=\"email-contactado\" \/><\/span><\/li>\n\t\t<li><label for=''>Rela\u00e7\u00e3o com a organiza\u00e7\u00e3o <\/label><span class=\"wpcf7-form-control-wrap\" data-name=\"relacao-organizacao-contactado\"><input size=\"40\" class=\"wpcf7-form-control wpcf7-text\" aria-invalid=\"false\" value=\"\" type=\"text\" name=\"relacao-organizacao-contactado\" \/><\/span><\/li>\n\t<\/ol>\n<\/fieldset>\n<fieldset>\n\t<legend>Observa\u00e7\u00f5es<\/legend>\n\t<ol>\n\t\t<li>\n\t\t\t<p>\n\t\t\t\tSe escolheu ser contactado(a), tem de preencher os dados acima.\n\t\t\t<\/p>\n\t\t\t<p>\n\t\t\t\tSe escolheu n\u00e3o ser contactado(a), o preenchimento \u00e9 de car\u00e1cter opcional.\n\t\t\t<\/p>\n\t\t\t<p>\n\t\t\t\tSe escolheu ser contactado(a), entraremos em contacto consigo num prazo de 7 dias acusando rece\u00e7\u00e3o da den\u00fancia.\n\t\t\t<\/p>\n\t\t<\/li>\n\t<\/ol>\n<\/fieldset>\n<input class=\"wpcf7-form-control wpcf7-submit has-spinner\" type=\"submit\" value=\"Submeter\" \/><div class=\"wpcf7-response-output\" aria-hidden=\"true\"><\/div>\n<\/form>\n<\/div>\n[\/vc_column][\/vc_row][vc_row][vc_column][vc_column_text]<\/p>\n<p><!-- \/wp:contact-form-7\/contact-form-selector -->[\/vc_column_text][\/vc_column][\/vc_row][vc_row][vc_column][\/vc_column][\/vc_row]<\/p>\n","protected":false},"excerpt":{"rendered":"<p>[vc_row][vc_column][vc_column_text]O Canal de Den\u00fancias \u00e9 um meio de comunica\u00e7\u00e3o seguro e possibilita o anonimato das den\u00fancias. Assume um car\u00e1cter, essencialmente, preventivo e baseia-se num sistema de gest\u00e3o de den\u00fancias desenhado para garantir a confidencialidade ao longo de todo o processo.[\/vc_column_text][vc_column_text]DEN\u00daNCIAS Os denunciantes t\u00eam dispon\u00edveis as seguintes formas para apresentar Den\u00fancias, nomeadamente:[\/vc_column_text][vc_column_text] DEN\u00daNCIA ESCRITA Por correio [&hellip;]<\/p>\n","protected":false},"author":3,"featured_media":0,"parent":0,"menu_order":0,"comment_status":"closed","ping_status":"closed","template":"page-templates\/template-fullwidth.php","meta":{"footnotes":""},"acf":[],"_links":{"self":[{"href":"https:\/\/vilaplano.com\/site\/wp-json\/wp\/v2\/pages\/1437"}],"collection":[{"href":"https:\/\/vilaplano.com\/site\/wp-json\/wp\/v2\/pages"}],"about":[{"href":"https:\/\/vilaplano.com\/site\/wp-json\/wp\/v2\/types\/page"}],"author":[{"embeddable":true,"href":"https:\/\/vilaplano.com\/site\/wp-json\/wp\/v2\/users\/3"}],"replies":[{"embeddable":true,"href":"https:\/\/vilaplano.com\/site\/wp-json\/wp\/v2\/comments?post=1437"}],"version-history":[{"count":21,"href":"https:\/\/vilaplano.com\/site\/wp-json\/wp\/v2\/pages\/1437\/revisions"}],"predecessor-version":[{"id":1468,"href":"https:\/\/vilaplano.com\/site\/wp-json\/wp\/v2\/pages\/1437\/revisions\/1468"}],"wp:attachment":[{"href":"https:\/\/vilaplano.com\/site\/wp-json\/wp\/v2\/media?parent=1437"}],"curies":[{"name":"wp","href":"https:\/\/api.w.org\/{rel}","templated":true}]}}